{"id":469,"date":"2025-06-08T15:12:26","date_gmt":"2025-06-08T18:12:26","guid":{"rendered":"https:\/\/lp.iipsi.com.br\/formacao-psicanalitica-tecnicas-para-uma-clinica-contemporanea\/"},"modified":"2026-03-20T10:53:21","modified_gmt":"2026-03-20T13:53:21","slug":"formation-psychanalytique-techniques-pour-une-clinique-contemporaine","status":"publish","type":"page","link":"https:\/\/lp.iipsi.com.br\/fr\/formation-psychanalytique-techniques-pour-une-clinique-contemporaine\/","title":{"rendered":"Formation psychanalytique : technique(s) pour une clinique contemporaine"},"content":{"rendered":"","protected":false},"excerpt":{"rendered":"","protected":false},"author":1,"featured_media":0,"parent":0,"menu_order":0,"comment_status":"closed","ping_status":"closed","template":"","meta":{"footnotes":""},"class_list":["post-469","page","type-page","status-publish","hentry"],"yoast_head":"<!-- This site is optimized with the Yoast SEO plugin v27.5 - https:\/\/yoast.com\/product\/yoast-seo-wordpress\/ -->\n<title>Formation psychanalytique : technique(s) pour une clinique contemporaine<\/title>\n<meta name=\"description\" content=\"Si vous souhaitez b\u00e9n\u00e9ficier d&#039;une formation de grande qualit\u00e9 avec des professeur\u00b7es du monde entier, dans un climat bienveillant et stimulant, alors cette formation est pour vous.\" \/>\n<meta name=\"robots\" content=\"index, follow, max-snippet:-1, max-image-preview:large, max-video-preview:-1\" \/>\n<link rel=\"canonical\" href=\"https:\/\/lp.iipsi.com.br\/fr\/formation-psychanalytique-techniques-pour-une-clinique-contemporaine\/\" \/>\n<meta property=\"og:locale\" content=\"fr_FR\" \/>\n<meta property=\"og:type\" content=\"article\" \/>\n<meta property=\"og:title\" content=\"Formation psychanalytique : technique(s) pour une clinique contemporaine\" \/>\n<meta property=\"og:description\" content=\"Si vous souhaitez b\u00e9n\u00e9ficier d&#039;une formation de grande qualit\u00e9 avec des professeur\u00b7es du monde entier, dans un climat bienveillant et stimulant, alors cette formation est pour vous.\" \/>\n<meta property=\"og:url\" content=\"https:\/\/lp.iipsi.com.br\/fr\/formation-psychanalytique-techniques-pour-une-clinique-contemporaine\/\" \/>\n<meta property=\"og:site_name\" content=\"Instituto Internacional de Psican\u00e1lise\" \/>\n<meta property=\"article:modified_time\" content=\"2026-03-20T13:53:21+00:00\" \/>\n<meta name=\"twitter:card\" content=\"summary_large_image\" \/>\n<meta name=\"twitter:label1\" content=\"Dur\u00e9e de lecture estim\u00e9e\" \/>\n\t<meta name=\"twitter:data1\" content=\"15 minutes\" \/>\n<script type=\"application\/ld+json\" class=\"yoast-schema-graph\">{\"@context\":\"https:\\\/\\\/schema.org\",\"@graph\":[{\"@type\":\"WebPage\",\"@id\":\"https:\\\/\\\/lp.iipsi.com.br\\\/fr\\\/formation-psychanalytique-techniques-pour-une-clinique-contemporaine\\\/\",\"url\":\"https:\\\/\\\/lp.iipsi.com.br\\\/fr\\\/formation-psychanalytique-techniques-pour-une-clinique-contemporaine\\\/\",\"name\":\"Formation psychanalytique : technique(s) pour une clinique contemporaine\",\"isPartOf\":{\"@id\":\"https:\\\/\\\/lp.iipsi.com.br\\\/fr\\\/#website\"},\"datePublished\":\"2025-06-08T18:12:26+00:00\",\"dateModified\":\"2026-03-20T13:53:21+00:00\",\"description\":\"Si vous souhaitez b\u00e9n\u00e9ficier d'une formation de grande qualit\u00e9 avec des professeur\u00b7es du monde entier, dans un climat bienveillant et stimulant, alors cette formation est pour vous.\",\"breadcrumb\":{\"@id\":\"https:\\\/\\\/lp.iipsi.com.br\\\/fr\\\/formation-psychanalytique-techniques-pour-une-clinique-contemporaine\\\/#breadcrumb\"},\"inLanguage\":\"fr-FR\",\"potentialAction\":[{\"@type\":\"ReadAction\",\"target\":[\"https:\\\/\\\/lp.iipsi.com.br\\\/fr\\\/formation-psychanalytique-techniques-pour-une-clinique-contemporaine\\\/\"]}]},{\"@type\":\"BreadcrumbList\",\"@id\":\"https:\\\/\\\/lp.iipsi.com.br\\\/fr\\\/formation-psychanalytique-techniques-pour-une-clinique-contemporaine\\\/#breadcrumb\",\"itemListElement\":[{\"@type\":\"ListItem\",\"position\":1,\"name\":\"In\u00edcio\",\"item\":\"https:\\\/\\\/lp.iipsi.com.br\\\/fr\\\/\"},{\"@type\":\"ListItem\",\"position\":2,\"name\":\"Formation psychanalytique : technique(s) pour une clinique contemporaine\"}]},{\"@type\":\"WebSite\",\"@id\":\"https:\\\/\\\/lp.iipsi.com.br\\\/fr\\\/#website\",\"url\":\"https:\\\/\\\/lp.iipsi.com.br\\\/fr\\\/\",\"name\":\"Instituto Internacional de Psican\u00e1lise\",\"description\":\"\",\"publisher\":{\"@id\":\"https:\\\/\\\/lp.iipsi.com.br\\\/fr\\\/#organization\"},\"potentialAction\":[{\"@type\":\"SearchAction\",\"target\":{\"@type\":\"EntryPoint\",\"urlTemplate\":\"https:\\\/\\\/lp.iipsi.com.br\\\/fr\\\/?s={search_term_string}\"},\"query-input\":{\"@type\":\"PropertyValueSpecification\",\"valueRequired\":true,\"valueName\":\"search_term_string\"}}],\"inLanguage\":\"fr-FR\"},{\"@type\":\"Organization\",\"@id\":\"https:\\\/\\\/lp.iipsi.com.br\\\/fr\\\/#organization\",\"name\":\"Instituto Internacional de Psican\u00e1lise\",\"url\":\"https:\\\/\\\/lp.iipsi.com.br\\\/fr\\\/\",\"logo\":{\"@type\":\"ImageObject\",\"inLanguage\":\"fr-FR\",\"@id\":\"https:\\\/\\\/lp.iipsi.com.br\\\/fr\\\/#\\\/schema\\\/logo\\\/image\\\/\",\"url\":\"https:\\\/\\\/lp.iipsi.com.br\\\/wp-content\\\/uploads\\\/2025\\\/05\\\/favicon.webp\",\"contentUrl\":\"https:\\\/\\\/lp.iipsi.com.br\\\/wp-content\\\/uploads\\\/2025\\\/05\\\/favicon.webp\",\"width\":690,\"height\":690,\"caption\":\"Instituto Internacional de Psican\u00e1lise\"},\"image\":{\"@id\":\"https:\\\/\\\/lp.iipsi.com.br\\\/fr\\\/#\\\/schema\\\/logo\\\/image\\\/\"}}]}<\/script>\n<!-- \/ Yoast SEO plugin. -->","yoast_head_json":{"title":"Formation psychanalytique : technique(s) pour une clinique contemporaine","description":"Si vous souhaitez b\u00e9n\u00e9ficier d'une formation de grande qualit\u00e9 avec des professeur\u00b7es du monde entier, dans un climat bienveillant et stimulant, alors cette formation est pour vous.","robots":{"index":"index","follow":"follow","max-snippet":"max-snippet:-1","max-image-preview":"max-image-preview:large","max-video-preview":"max-video-preview:-1"},"canonical":"https:\/\/lp.iipsi.com.br\/fr\/formation-psychanalytique-techniques-pour-une-clinique-contemporaine\/","og_locale":"fr_FR","og_type":"article","og_title":"Formation psychanalytique : technique(s) pour une clinique contemporaine","og_description":"Si vous souhaitez b\u00e9n\u00e9ficier d'une formation de grande qualit\u00e9 avec des professeur\u00b7es du monde entier, dans un climat bienveillant et stimulant, alors cette formation est pour vous.","og_url":"https:\/\/lp.iipsi.com.br\/fr\/formation-psychanalytique-techniques-pour-une-clinique-contemporaine\/","og_site_name":"Instituto Internacional de Psican\u00e1lise","article_modified_time":"2026-03-20T13:53:21+00:00","twitter_card":"summary_large_image","twitter_misc":{"Dur\u00e9e de lecture estim\u00e9e":"15 minutes"},"schema":{"@context":"https:\/\/schema.org","@graph":[{"@type":"WebPage","@id":"https:\/\/lp.iipsi.com.br\/fr\/formation-psychanalytique-techniques-pour-une-clinique-contemporaine\/","url":"https:\/\/lp.iipsi.com.br\/fr\/formation-psychanalytique-techniques-pour-une-clinique-contemporaine\/","name":"Formation psychanalytique : technique(s) pour une clinique contemporaine","isPartOf":{"@id":"https:\/\/lp.iipsi.com.br\/fr\/#website"},"datePublished":"2025-06-08T18:12:26+00:00","dateModified":"2026-03-20T13:53:21+00:00","description":"Si vous souhaitez b\u00e9n\u00e9ficier d'une formation de grande qualit\u00e9 avec des professeur\u00b7es du monde entier, dans un climat bienveillant et stimulant, alors cette formation est pour vous.","breadcrumb":{"@id":"https:\/\/lp.iipsi.com.br\/fr\/formation-psychanalytique-techniques-pour-une-clinique-contemporaine\/#breadcrumb"},"inLanguage":"fr-FR","potentialAction":[{"@type":"ReadAction","target":["https:\/\/lp.iipsi.com.br\/fr\/formation-psychanalytique-techniques-pour-une-clinique-contemporaine\/"]}]},{"@type":"BreadcrumbList","@id":"https:\/\/lp.iipsi.com.br\/fr\/formation-psychanalytique-techniques-pour-une-clinique-contemporaine\/#breadcrumb","itemListElement":[{"@type":"ListItem","position":1,"name":"In\u00edcio","item":"https:\/\/lp.iipsi.com.br\/fr\/"},{"@type":"ListItem","position":2,"name":"Formation psychanalytique : technique(s) pour une clinique contemporaine"}]},{"@type":"WebSite","@id":"https:\/\/lp.iipsi.com.br\/fr\/#website","url":"https:\/\/lp.iipsi.com.br\/fr\/","name":"Instituto Internacional de Psican\u00e1lise","description":"","publisher":{"@id":"https:\/\/lp.iipsi.com.br\/fr\/#organization"},"potentialAction":[{"@type":"SearchAction","target":{"@type":"EntryPoint","urlTemplate":"https:\/\/lp.iipsi.com.br\/fr\/?s={search_term_string}"},"query-input":{"@type":"PropertyValueSpecification","valueRequired":true,"valueName":"search_term_string"}}],"inLanguage":"fr-FR"},{"@type":"Organization","@id":"https:\/\/lp.iipsi.com.br\/fr\/#organization","name":"Instituto Internacional de Psican\u00e1lise","url":"https:\/\/lp.iipsi.com.br\/fr\/","logo":{"@type":"ImageObject","inLanguage":"fr-FR","@id":"https:\/\/lp.iipsi.com.br\/fr\/#\/schema\/logo\/image\/","url":"https:\/\/lp.iipsi.com.br\/wp-content\/uploads\/2025\/05\/favicon.webp","contentUrl":"https:\/\/lp.iipsi.com.br\/wp-content\/uploads\/2025\/05\/favicon.webp","width":690,"height":690,"caption":"Instituto Internacional de Psican\u00e1lise"},"image":{"@id":"https:\/\/lp.iipsi.com.br\/fr\/#\/schema\/logo\/image\/"}}]}},"_links":{"self":[{"href":"https:\/\/lp.iipsi.com.br\/fr\/wp-json\/wp\/v2\/pages\/469","targetHints":{"allow":["GET"]}}],"collection":[{"href":"https:\/\/lp.iipsi.com.br\/fr\/wp-json\/wp\/v2\/pages"}],"about":[{"href":"https:\/\/lp.iipsi.com.br\/fr\/wp-json\/wp\/v2\/types\/page"}],"author":[{"embeddable":true,"href":"https:\/\/lp.iipsi.com.br\/fr\/wp-json\/wp\/v2\/users\/1"}],"replies":[{"embeddable":true,"href":"https:\/\/lp.iipsi.com.br\/fr\/wp-json\/wp\/v2\/comments?post=469"}],"version-history":[{"count":5,"href":"https:\/\/lp.iipsi.com.br\/fr\/wp-json\/wp\/v2\/pages\/469\/revisions"}],"predecessor-version":[{"id":737,"href":"https:\/\/lp.iipsi.com.br\/fr\/wp-json\/wp\/v2\/pages\/469\/revisions\/737"}],"wp:attachment":[{"href":"https:\/\/lp.iipsi.com.br\/fr\/wp-json\/wp\/v2\/media?parent=469"}],"curies":[{"name":"wp","href":"https:\/\/api.w.org\/{rel}","templated":true}]}}