{"id":358,"date":"2025-05-01T13:04:43","date_gmt":"2025-05-01T16:04:43","guid":{"rendered":"https:\/\/lp.iipsi.com.br\/formacao-psicanalitica-fundamentos-para-uma-psicanalise-contemporanea\/"},"modified":"2026-03-23T19:38:50","modified_gmt":"2026-03-23T22:38:50","slug":"formation-psychanalytique-fondements-pour-une-psychanalyse-contemporaine","status":"publish","type":"page","link":"https:\/\/lp.iipsi.com.br\/fr\/","title":{"rendered":"Formation psychanalytique : Fondements pour une psychanalyse contemporaine"},"content":{"rendered":"","protected":false},"excerpt":{"rendered":"","protected":false},"author":1,"featured_media":0,"parent":0,"menu_order":0,"comment_status":"closed","ping_status":"closed","template":"","meta":{"footnotes":""},"class_list":["post-358","page","type-page","status-publish","hentry"],"yoast_head":"<!-- This site is optimized with the Yoast SEO plugin v27.5 - https:\/\/yoast.com\/product\/yoast-seo-wordpress\/ -->\n<title>Intitut International de Psychanalyse<\/title>\n<meta name=\"description\" content=\"Formation psychanalytique : Fondements pour une psychanalyse contemporaine\" \/>\n<meta name=\"robots\" content=\"index, follow, max-snippet:-1, max-image-preview:large, max-video-preview:-1\" \/>\n<link rel=\"canonical\" href=\"https:\/\/lp.iipsi.com.br\/fr\/\" \/>\n<meta property=\"og:locale\" content=\"fr_FR\" \/>\n<meta property=\"og:type\" content=\"article\" \/>\n<meta property=\"og:title\" content=\"Intitut International de Psychanalyse\" \/>\n<meta property=\"og:description\" content=\"Formation psychanalytique : Fondements pour une psychanalyse contemporaine\" \/>\n<meta property=\"og:url\" content=\"https:\/\/lp.iipsi.com.br\/fr\/\" \/>\n<meta property=\"og:site_name\" content=\"Instituto Internacional de Psican\u00e1lise\" \/>\n<meta property=\"article:modified_time\" content=\"2026-03-23T22:38:50+00:00\" \/>\n<meta name=\"twitter:card\" content=\"summary_large_image\" \/>\n<meta name=\"twitter:label1\" content=\"Dur\u00e9e de lecture estim\u00e9e\" \/>\n\t<meta name=\"twitter:data1\" content=\"18 minutes\" \/>\n<script type=\"application\/ld+json\" class=\"yoast-schema-graph\">{\"@context\":\"https:\\\/\\\/schema.org\",\"@graph\":[{\"@type\":\"WebPage\",\"@id\":\"https:\\\/\\\/lp.iipsi.com.br\\\/fr\\\/\",\"url\":\"https:\\\/\\\/lp.iipsi.com.br\\\/fr\\\/\",\"name\":\"Intitut International de Psychanalyse\",\"isPartOf\":{\"@id\":\"https:\\\/\\\/lp.iipsi.com.br\\\/fr\\\/#website\"},\"datePublished\":\"2025-05-01T16:04:43+00:00\",\"dateModified\":\"2026-03-23T22:38:50+00:00\",\"description\":\"Formation psychanalytique : Fondements pour une psychanalyse contemporaine\",\"breadcrumb\":{\"@id\":\"https:\\\/\\\/lp.iipsi.com.br\\\/fr\\\/#breadcrumb\"},\"inLanguage\":\"fr-FR\",\"potentialAction\":[{\"@type\":\"ReadAction\",\"target\":[\"https:\\\/\\\/lp.iipsi.com.br\\\/fr\\\/\"]}]},{\"@type\":\"BreadcrumbList\",\"@id\":\"https:\\\/\\\/lp.iipsi.com.br\\\/fr\\\/#breadcrumb\",\"itemListElement\":[{\"@type\":\"ListItem\",\"position\":1,\"name\":\"In\u00edcio\",\"item\":\"https:\\\/\\\/lp.iipsi.com.br\\\/fr\\\/\"},{\"@type\":\"ListItem\",\"position\":2,\"name\":\"Formation psychanalytique : Fondements pour une psychanalyse contemporaine\"}]},{\"@type\":\"WebSite\",\"@id\":\"https:\\\/\\\/lp.iipsi.com.br\\\/fr\\\/#website\",\"url\":\"https:\\\/\\\/lp.iipsi.com.br\\\/fr\\\/\",\"name\":\"Instituto Internacional de Psican\u00e1lise\",\"description\":\"\",\"publisher\":{\"@id\":\"https:\\\/\\\/lp.iipsi.com.br\\\/fr\\\/#organization\"},\"potentialAction\":[{\"@type\":\"SearchAction\",\"target\":{\"@type\":\"EntryPoint\",\"urlTemplate\":\"https:\\\/\\\/lp.iipsi.com.br\\\/fr\\\/?s={search_term_string}\"},\"query-input\":{\"@type\":\"PropertyValueSpecification\",\"valueRequired\":true,\"valueName\":\"search_term_string\"}}],\"inLanguage\":\"fr-FR\"},{\"@type\":\"Organization\",\"@id\":\"https:\\\/\\\/lp.iipsi.com.br\\\/fr\\\/#organization\",\"name\":\"Instituto Internacional de Psican\u00e1lise\",\"url\":\"https:\\\/\\\/lp.iipsi.com.br\\\/fr\\\/\",\"logo\":{\"@type\":\"ImageObject\",\"inLanguage\":\"fr-FR\",\"@id\":\"https:\\\/\\\/lp.iipsi.com.br\\\/fr\\\/#\\\/schema\\\/logo\\\/image\\\/\",\"url\":\"https:\\\/\\\/lp.iipsi.com.br\\\/wp-content\\\/uploads\\\/2025\\\/05\\\/favicon.webp\",\"contentUrl\":\"https:\\\/\\\/lp.iipsi.com.br\\\/wp-content\\\/uploads\\\/2025\\\/05\\\/favicon.webp\",\"width\":690,\"height\":690,\"caption\":\"Instituto Internacional de Psican\u00e1lise\"},\"image\":{\"@id\":\"https:\\\/\\\/lp.iipsi.com.br\\\/fr\\\/#\\\/schema\\\/logo\\\/image\\\/\"}}]}<\/script>\n<!-- \/ Yoast SEO plugin. -->","yoast_head_json":{"title":"Intitut International de Psychanalyse","description":"Formation psychanalytique : Fondements pour une psychanalyse contemporaine","robots":{"index":"index","follow":"follow","max-snippet":"max-snippet:-1","max-image-preview":"max-image-preview:large","max-video-preview":"max-video-preview:-1"},"canonical":"https:\/\/lp.iipsi.com.br\/fr\/","og_locale":"fr_FR","og_type":"article","og_title":"Intitut International de Psychanalyse","og_description":"Formation psychanalytique : Fondements pour une psychanalyse contemporaine","og_url":"https:\/\/lp.iipsi.com.br\/fr\/","og_site_name":"Instituto Internacional de Psican\u00e1lise","article_modified_time":"2026-03-23T22:38:50+00:00","twitter_card":"summary_large_image","twitter_misc":{"Dur\u00e9e de lecture estim\u00e9e":"18 minutes"},"schema":{"@context":"https:\/\/schema.org","@graph":[{"@type":"WebPage","@id":"https:\/\/lp.iipsi.com.br\/fr\/","url":"https:\/\/lp.iipsi.com.br\/fr\/","name":"Intitut International de Psychanalyse","isPartOf":{"@id":"https:\/\/lp.iipsi.com.br\/fr\/#website"},"datePublished":"2025-05-01T16:04:43+00:00","dateModified":"2026-03-23T22:38:50+00:00","description":"Formation psychanalytique : Fondements pour une psychanalyse contemporaine","breadcrumb":{"@id":"https:\/\/lp.iipsi.com.br\/fr\/#breadcrumb"},"inLanguage":"fr-FR","potentialAction":[{"@type":"ReadAction","target":["https:\/\/lp.iipsi.com.br\/fr\/"]}]},{"@type":"BreadcrumbList","@id":"https:\/\/lp.iipsi.com.br\/fr\/#breadcrumb","itemListElement":[{"@type":"ListItem","position":1,"name":"In\u00edcio","item":"https:\/\/lp.iipsi.com.br\/fr\/"},{"@type":"ListItem","position":2,"name":"Formation psychanalytique : Fondements pour une psychanalyse contemporaine"}]},{"@type":"WebSite","@id":"https:\/\/lp.iipsi.com.br\/fr\/#website","url":"https:\/\/lp.iipsi.com.br\/fr\/","name":"Instituto Internacional de Psican\u00e1lise","description":"","publisher":{"@id":"https:\/\/lp.iipsi.com.br\/fr\/#organization"},"potentialAction":[{"@type":"SearchAction","target":{"@type":"EntryPoint","urlTemplate":"https:\/\/lp.iipsi.com.br\/fr\/?s={search_term_string}"},"query-input":{"@type":"PropertyValueSpecification","valueRequired":true,"valueName":"search_term_string"}}],"inLanguage":"fr-FR"},{"@type":"Organization","@id":"https:\/\/lp.iipsi.com.br\/fr\/#organization","name":"Instituto Internacional de Psican\u00e1lise","url":"https:\/\/lp.iipsi.com.br\/fr\/","logo":{"@type":"ImageObject","inLanguage":"fr-FR","@id":"https:\/\/lp.iipsi.com.br\/fr\/#\/schema\/logo\/image\/","url":"https:\/\/lp.iipsi.com.br\/wp-content\/uploads\/2025\/05\/favicon.webp","contentUrl":"https:\/\/lp.iipsi.com.br\/wp-content\/uploads\/2025\/05\/favicon.webp","width":690,"height":690,"caption":"Instituto Internacional de Psican\u00e1lise"},"image":{"@id":"https:\/\/lp.iipsi.com.br\/fr\/#\/schema\/logo\/image\/"}}]}},"_links":{"self":[{"href":"https:\/\/lp.iipsi.com.br\/fr\/wp-json\/wp\/v2\/pages\/358","targetHints":{"allow":["GET"]}}],"collection":[{"href":"https:\/\/lp.iipsi.com.br\/fr\/wp-json\/wp\/v2\/pages"}],"about":[{"href":"https:\/\/lp.iipsi.com.br\/fr\/wp-json\/wp\/v2\/types\/page"}],"author":[{"embeddable":true,"href":"https:\/\/lp.iipsi.com.br\/fr\/wp-json\/wp\/v2\/users\/1"}],"replies":[{"embeddable":true,"href":"https:\/\/lp.iipsi.com.br\/fr\/wp-json\/wp\/v2\/comments?post=358"}],"version-history":[{"count":5,"href":"https:\/\/lp.iipsi.com.br\/fr\/wp-json\/wp\/v2\/pages\/358\/revisions"}],"predecessor-version":[{"id":804,"href":"https:\/\/lp.iipsi.com.br\/fr\/wp-json\/wp\/v2\/pages\/358\/revisions\/804"}],"wp:attachment":[{"href":"https:\/\/lp.iipsi.com.br\/fr\/wp-json\/wp\/v2\/media?parent=358"}],"curies":[{"name":"wp","href":"https:\/\/api.w.org\/{rel}","templated":true}]}}